{"id":77,"date":"2025-12-10T13:47:00","date_gmt":"2025-12-10T13:47:00","guid":{"rendered":"https:\/\/feuerwehrverein-rietenberg.ch\/?page_id=77"},"modified":"2026-03-28T15:13:25","modified_gmt":"2026-03-28T13:13:25","slug":"handdruckspritze-1750","status":"publish","type":"page","link":"https:\/\/feuerwehrverein-rietenberg.ch\/?page_id=77","title":{"rendered":"Handdruckspritze 1750"},"content":{"rendered":"<p><img loading=\"lazy\" decoding=\"async\" class=\"alignnone size-full wp-image-168\" src=\"https:\/\/feuerwehrverein-rietenberg.ch\/wp-content\/uploads\/2026\/03\/1.jpg\" alt=\"\" width=\"640\" height=\"427\" srcset=\"https:\/\/feuerwehrverein-rietenberg.ch\/wp-content\/uploads\/2026\/03\/1.jpg 640w, https:\/\/feuerwehrverein-rietenberg.ch\/wp-content\/uploads\/2026\/03\/1-300x200.jpg 300w\" sizes=\"auto, (max-width: 640px) 100vw, 640px\" \/><\/p>\n<p>Mitglieder vom Feuerwehrverein renovierten in vielen Arbeitsstunden die alte einzylindrige Handdruckspritze. Es werkelten Spezialisten wie Hansruedi Schmid, Hansruedi Koch als Organisator, Ernst Fischbach, Hans Strub, R\u00f6bi R\u00f6sli, Paul Irniger und die Firma Veil AG f\u00fcr die Spenglereiarbeiten. So strahlt das alte St\u00fcck wieder im neuen Glanz.<\/p>\n<p><img loading=\"lazy\" decoding=\"async\" class=\"alignnone size-full wp-image-169\" src=\"https:\/\/feuerwehrverein-rietenberg.ch\/wp-content\/uploads\/2026\/03\/2.jpg\" alt=\"\" width=\"640\" height=\"427\" srcset=\"https:\/\/feuerwehrverein-rietenberg.ch\/wp-content\/uploads\/2026\/03\/2.jpg 640w, https:\/\/feuerwehrverein-rietenberg.ch\/wp-content\/uploads\/2026\/03\/2-300x200.jpg 300w\" sizes=\"auto, (max-width: 640px) 100vw, 640px\" \/><\/p>\n<p>&nbsp;<\/p>\n<p><img loading=\"lazy\" decoding=\"async\" class=\"alignnone size-full wp-image-170\" src=\"https:\/\/feuerwehrverein-rietenberg.ch\/wp-content\/uploads\/2026\/03\/3.jpg\" alt=\"\" width=\"640\" height=\"427\" srcset=\"https:\/\/feuerwehrverein-rietenberg.ch\/wp-content\/uploads\/2026\/03\/3.jpg 640w, https:\/\/feuerwehrverein-rietenberg.ch\/wp-content\/uploads\/2026\/03\/3-300x200.jpg 300w\" sizes=\"auto, (max-width: 640px) 100vw, 640px\" \/><\/p>\n<p>&nbsp;<\/p>\n<p><img loading=\"lazy\" decoding=\"async\" class=\"alignnone size-full wp-image-171\" src=\"https:\/\/feuerwehrverein-rietenberg.ch\/wp-content\/uploads\/2026\/03\/4.jpg\" alt=\"\" width=\"640\" height=\"427\" srcset=\"https:\/\/feuerwehrverein-rietenberg.ch\/wp-content\/uploads\/2026\/03\/4.jpg 640w, https:\/\/feuerwehrverein-rietenberg.ch\/wp-content\/uploads\/2026\/03\/4-300x200.jpg 300w\" sizes=\"auto, (max-width: 640px) 100vw, 640px\" \/><\/p>\n","protected":false},"excerpt":{"rendered":"<p>Mitglieder vom Feuerwehrverein renovierten in vielen Arbeitsstunden die alte einzylindrige Handdruckspritze. Es werkelten Spezialisten wie Hansruedi Schmid, Hansruedi Koch als Organisator, Ernst Fischbach, Hans Strub, R\u00f6bi R\u00f6sli, Paul Irniger und die Firma Veil AG f\u00fcr die Spenglereiarbeiten. So strahlt das alte St\u00fcck wieder im neuen Glanz. &nbsp; &nbsp;<\/p>\n","protected":false},"author":1,"featured_media":0,"parent":0,"menu_order":0,"comment_status":"closed","ping_status":"closed","template":"","meta":{"footnotes":""},"class_list":["post-77","page","type-page","status-publish","hentry"],"_links":{"self":[{"href":"https:\/\/feuerwehrverein-rietenberg.ch\/index.php?rest_route=\/wp\/v2\/pages\/77","targetHints":{"allow":["GET"]}}],"collection":[{"href":"https:\/\/feuerwehrverein-rietenberg.ch\/index.php?rest_route=\/wp\/v2\/pages"}],"about":[{"href":"https:\/\/feuerwehrverein-rietenberg.ch\/index.php?rest_route=\/wp\/v2\/types\/page"}],"author":[{"embeddable":true,"href":"https:\/\/feuerwehrverein-rietenberg.ch\/index.php?rest_route=\/wp\/v2\/users\/1"}],"replies":[{"embeddable":true,"href":"https:\/\/feuerwehrverein-rietenberg.ch\/index.php?rest_route=%2Fwp%2Fv2%2Fcomments&post=77"}],"version-history":[{"count":3,"href":"https:\/\/feuerwehrverein-rietenberg.ch\/index.php?rest_route=\/wp\/v2\/pages\/77\/revisions"}],"predecessor-version":[{"id":172,"href":"https:\/\/feuerwehrverein-rietenberg.ch\/index.php?rest_route=\/wp\/v2\/pages\/77\/revisions\/172"}],"wp:attachment":[{"href":"https:\/\/feuerwehrverein-rietenberg.ch\/index.php?rest_route=%2Fwp%2Fv2%2Fmedia&parent=77"}],"curies":[{"name":"wp","href":"https:\/\/api.w.org\/{rel}","templated":true}]}}