{"id":71,"date":"2025-12-10T13:46:24","date_gmt":"2025-12-10T13:46:24","guid":{"rendered":"https:\/\/feuerwehrverein-rietenberg.ch\/?page_id=71"},"modified":"2026-03-28T15:09:39","modified_gmt":"2026-03-28T13:09:39","slug":"kesseltuere","status":"publish","type":"page","link":"https:\/\/feuerwehrverein-rietenberg.ch\/?page_id=71","title":{"rendered":"Kesselt\u00fcre"},"content":{"rendered":"<p>Kesselt\u00fcre ehemals F\u00e4rberei St\u00e4ger. Liebevoll abmontiert und in vielen Arbeitsstunden wieder so pr\u00e4sentiert wie es mal war. Danke allen f\u00fcr Ihre Arbeit und der Gemeinde Villmergen, dass wir das im Gschichtehuus ausstellen d\u00fcrfen.<\/p>\n<p><img loading=\"lazy\" decoding=\"async\" class=\"alignnone size-large wp-image-166\" src=\"https:\/\/feuerwehrverein-rietenberg.ch\/wp-content\/uploads\/2026\/03\/Ofentuere_klein-771x1024.jpg\" alt=\"\" width=\"640\" height=\"850\" srcset=\"https:\/\/feuerwehrverein-rietenberg.ch\/wp-content\/uploads\/2026\/03\/Ofentuere_klein-771x1024.jpg 771w, https:\/\/feuerwehrverein-rietenberg.ch\/wp-content\/uploads\/2026\/03\/Ofentuere_klein-226x300.jpg 226w, https:\/\/feuerwehrverein-rietenberg.ch\/wp-content\/uploads\/2026\/03\/Ofentuere_klein-768x1020.jpg 768w, https:\/\/feuerwehrverein-rietenberg.ch\/wp-content\/uploads\/2026\/03\/Ofentuere_klein-1157x1536.jpg 1157w, https:\/\/feuerwehrverein-rietenberg.ch\/wp-content\/uploads\/2026\/03\/Ofentuere_klein-1542x2048.jpg 1542w, https:\/\/feuerwehrverein-rietenberg.ch\/wp-content\/uploads\/2026\/03\/Ofentuere_klein-scaled.jpg 1928w\" sizes=\"auto, (max-width: 640px) 100vw, 640px\" \/><\/p>\n<p><img loading=\"lazy\" decoding=\"async\" class=\"alignnone size-large wp-image-164\" src=\"https:\/\/feuerwehrverein-rietenberg.ch\/wp-content\/uploads\/2026\/03\/Ofentuere_Gross-1024x771.jpg\" alt=\"\" width=\"640\" height=\"482\" srcset=\"https:\/\/feuerwehrverein-rietenberg.ch\/wp-content\/uploads\/2026\/03\/Ofentuere_Gross-1024x771.jpg 1024w, https:\/\/feuerwehrverein-rietenberg.ch\/wp-content\/uploads\/2026\/03\/Ofentuere_Gross-300x226.jpg 300w, https:\/\/feuerwehrverein-rietenberg.ch\/wp-content\/uploads\/2026\/03\/Ofentuere_Gross-768x578.jpg 768w, https:\/\/feuerwehrverein-rietenberg.ch\/wp-content\/uploads\/2026\/03\/Ofentuere_Gross-1536x1157.jpg 1536w, https:\/\/feuerwehrverein-rietenberg.ch\/wp-content\/uploads\/2026\/03\/Ofentuere_Gross-2048x1542.jpg 2048w\" sizes=\"auto, (max-width: 640px) 100vw, 640px\" \/><\/p>\n","protected":false},"excerpt":{"rendered":"<p>Kesselt\u00fcre ehemals F\u00e4rberei St\u00e4ger. Liebevoll abmontiert und in vielen Arbeitsstunden wieder so pr\u00e4sentiert wie es mal war. Danke allen f\u00fcr Ihre Arbeit und der Gemeinde Villmergen, dass wir das im Gschichtehuus ausstellen d\u00fcrfen.<\/p>\n","protected":false},"author":1,"featured_media":0,"parent":0,"menu_order":0,"comment_status":"closed","ping_status":"closed","template":"","meta":{"footnotes":""},"class_list":["post-71","page","type-page","status-publish","hentry"],"_links":{"self":[{"href":"https:\/\/feuerwehrverein-rietenberg.ch\/index.php?rest_route=\/wp\/v2\/pages\/71","targetHints":{"allow":["GET"]}}],"collection":[{"href":"https:\/\/feuerwehrverein-rietenberg.ch\/index.php?rest_route=\/wp\/v2\/pages"}],"about":[{"href":"https:\/\/feuerwehrverein-rietenberg.ch\/index.php?rest_route=\/wp\/v2\/types\/page"}],"author":[{"embeddable":true,"href":"https:\/\/feuerwehrverein-rietenberg.ch\/index.php?rest_route=\/wp\/v2\/users\/1"}],"replies":[{"embeddable":true,"href":"https:\/\/feuerwehrverein-rietenberg.ch\/index.php?rest_route=%2Fwp%2Fv2%2Fcomments&post=71"}],"version-history":[{"count":3,"href":"https:\/\/feuerwehrverein-rietenberg.ch\/index.php?rest_route=\/wp\/v2\/pages\/71\/revisions"}],"predecessor-version":[{"id":167,"href":"https:\/\/feuerwehrverein-rietenberg.ch\/index.php?rest_route=\/wp\/v2\/pages\/71\/revisions\/167"}],"wp:attachment":[{"href":"https:\/\/feuerwehrverein-rietenberg.ch\/index.php?rest_route=%2Fwp%2Fv2%2Fmedia&parent=71"}],"curies":[{"name":"wp","href":"https:\/\/api.w.org\/{rel}","templated":true}]}}