{"id":52,"date":"2025-12-10T13:42:52","date_gmt":"2025-12-10T13:42:52","guid":{"rendered":"https:\/\/feuerwehrverein-rietenberg.ch\/?page_id=52"},"modified":"2026-03-29T11:10:03","modified_gmt":"2026-03-29T09:10:03","slug":"goenner-und-sponsoren","status":"publish","type":"page","link":"https:\/\/feuerwehrverein-rietenberg.ch\/?page_id=52","title":{"rendered":"G\u00f6nner und Sponsoren"},"content":{"rendered":"<div class=\"wp-block-group\">\n<h2 class=\"wp-block-heading has-text-align-center\">Der Feuerwehrverein Rietenberg<\/h2>\n<p class=\"has-text-align-center\">bedankt sich herzlich bei allen G\u00f6nnern &amp; Sponsoren<\/p>\n<\/div>\n<div class=\"wp-block-spacer\" style=\"height: 40px;\" aria-hidden=\"true\"><\/div>\n<div class=\"wp-block-columns is-stacked-on-mobile\">\n<div class=\"wp-block-column\" style=\"background-color: #f8f9fa; border: 1px solid #e2e8f0; border-radius: 12px; padding: 20px; text-align: center; display: flex; flex-direction: column; justify-content: space-between;\">\n<h4 style=\"font-size: 1.1rem; margin-bottom: 15px; min-height: 3rem;\">Gemeinde Villmergen<\/h4>\n<div style=\"background: #fff; border-radius: 8px; padding: 10px; margin-bottom: 10px;\"><a href=\"http:\/\/www.villmergen.ch\" target=\"_blank\" rel=\"noreferrer noopener\"><img loading=\"lazy\" decoding=\"async\" class=\"alignnone size-full wp-image-244\" src=\"https:\/\/feuerwehrverein-rietenberg.ch\/wp-content\/uploads\/2026\/03\/image001.gif\" alt=\"\" width=\"296\" height=\"116\" \/><\/a><\/div>\n<\/div>\n<div class=\"wp-block-column\" style=\"background-color: #f8f9fa; border: 1px solid #e2e8f0; border-radius: 12px; padding: 20px; text-align: center; display: flex; flex-direction: column; justify-content: space-between;\">\n<h4 style=\"font-size: 1.1rem; margin-bottom: 15px; min-height: 3rem;\">Ortsb\u00fcrgerstiftung Villmergen<\/h4>\n<div style=\"background: #fff; border-radius: 8px; padding: 10px; margin-bottom: 10px;\"><img loading=\"lazy\" decoding=\"async\" class=\"alignnone wp-image-248\" src=\"https:\/\/feuerwehrverein-rietenberg.ch\/wp-content\/uploads\/2026\/03\/OrtsbuergerStiftung.jpg\" alt=\"\" width=\"94\" height=\"176\" srcset=\"https:\/\/feuerwehrverein-rietenberg.ch\/wp-content\/uploads\/2026\/03\/OrtsbuergerStiftung.jpg 200w, https:\/\/feuerwehrverein-rietenberg.ch\/wp-content\/uploads\/2026\/03\/OrtsbuergerStiftung-160x300.jpg 160w\" sizes=\"auto, (max-width: 94px) 100vw, 94px\" \/><\/div>\n<\/div>\n<div class=\"wp-block-column\" style=\"background-color: #f8f9fa; border: 1px solid #e2e8f0; border-radius: 12px; padding: 20px; text-align: center; display: flex; flex-direction: column; justify-content: space-between;\">\n<h4 style=\"font-size: 1.1rem; margin-bottom: 15px; min-height: 3rem;\">Godi St\u00e4hli, Villmergen<\/h4>\n<div style=\"background: #fff; border-radius: 8px; padding: 10px; margin-bottom: 10px;\"><img loading=\"lazy\" decoding=\"async\" class=\"alignnone size-full wp-image-247\" src=\"https:\/\/feuerwehrverein-rietenberg.ch\/wp-content\/uploads\/2026\/03\/LogoStaehli1.jpg\" alt=\"\" width=\"305\" height=\"121\" srcset=\"https:\/\/feuerwehrverein-rietenberg.ch\/wp-content\/uploads\/2026\/03\/LogoStaehli1.jpg 305w, https:\/\/feuerwehrverein-rietenberg.ch\/wp-content\/uploads\/2026\/03\/LogoStaehli1-300x119.jpg 300w\" sizes=\"auto, (max-width: 305px) 100vw, 305px\" \/><\/div>\n<\/div>\n<\/div>\n<div class=\"wp-block-columns is-stacked-on-mobile\">\n<div class=\"wp-block-column\" style=\"background-color: #f8f9fa; border: 1px solid #e2e8f0; border-radius: 12px; padding: 20px; text-align: center; display: flex; flex-direction: column; justify-content: space-between;\">\n<h4 style=\"font-size: 1.1rem; margin-bottom: 15px; min-height: 3rem;\">Maler Steinmann<\/h4>\n<div style=\"background: #fff; border-radius: 8px; padding: 10px; margin-bottom: 10px;\"><a href=\"http:\/\/maler-steinmann.ch\/\" target=\"_blank\" rel=\"noreferrer noopener\"><img loading=\"lazy\" decoding=\"async\" class=\"alignnone size-full wp-image-240\" src=\"https:\/\/feuerwehrverein-rietenberg.ch\/wp-content\/uploads\/2026\/03\/20020330091823.jpg\" alt=\"\" width=\"146\" height=\"185\" \/><\/a><\/div>\n<\/div>\n<div class=\"wp-block-column\" style=\"background-color: #f8f9fa; border: 1px solid #e2e8f0; border-radius: 12px; padding: 20px; text-align: center; display: flex; flex-direction: column; justify-content: space-between;\">\n<h4 style=\"font-size: 1.1rem; margin-bottom: 15px; min-height: 3rem;\">Jo Wey, Villmergen<\/h4>\n<div style=\"background: #fff; border-radius: 8px; padding: 10px; margin-bottom: 10px;\"><a href=\"http:\/\/www.weyholzbau.ch\/\" target=\"_blank\" rel=\"noreferrer noopener\"><img loading=\"lazy\" decoding=\"async\" class=\"alignnone size-full wp-image-241\" src=\"https:\/\/feuerwehrverein-rietenberg.ch\/wp-content\/uploads\/2026\/03\/20020330095802.jpg\" alt=\"\" width=\"200\" height=\"45\" \/><\/a><\/div>\n<\/div>\n<div class=\"wp-block-column\" style=\"background-color: #f8f9fa; border: 1px solid #e2e8f0; border-radius: 12px; padding: 20px; text-align: center; display: flex; flex-direction: column; justify-content: space-between;\">\n<h4 style=\"font-size: 1.1rem; margin-bottom: 15px; min-height: 3rem;\">Gerhard Amman<\/h4>\n<div style=\"background: #fff; border-radius: 8px; padding: 10px; margin-bottom: 10px;\"><a href=\"https:\/\/www.gaag.ch\/\" target=\"_blank\" rel=\"noreferrer noopener\"><img loading=\"lazy\" decoding=\"async\" class=\"alignnone wp-image-251\" src=\"https:\/\/feuerwehrverein-rietenberg.ch\/wp-content\/uploads\/2026\/03\/AmmannInserat.jpg\" alt=\"\" width=\"385\" height=\"103\" srcset=\"https:\/\/feuerwehrverein-rietenberg.ch\/wp-content\/uploads\/2026\/03\/AmmannInserat.jpg 448w, https:\/\/feuerwehrverein-rietenberg.ch\/wp-content\/uploads\/2026\/03\/AmmannInserat-300x80.jpg 300w\" sizes=\"auto, (max-width: 385px) 100vw, 385px\" \/><\/a><\/div>\n<\/div>\n<\/div>\n<div class=\"wp-block-columns is-stacked-on-mobile\">\n<div class=\"wp-block-column\" style=\"background-color: #f8f9fa; border: 1px solid #e2e8f0; border-radius: 12px; padding: 20px; text-align: center; display: flex; flex-direction: column; justify-content: space-between;\">\n<h4 style=\"font-size: 1.1rem; margin-bottom: 15px; min-height: 3rem;\">Energie Freiamt<\/h4>\n<div style=\"background: #fff; border-radius: 8px; padding: 10px; margin-bottom: 10px;\"><a href=\"http:\/\/www.efa-freiamt.ch\/\" target=\"_blank\" rel=\"noreferrer noopener\"><img loading=\"lazy\" decoding=\"async\" class=\"alignnone wp-image-252\" src=\"https:\/\/feuerwehrverein-rietenberg.ch\/wp-content\/uploads\/2026\/03\/EFA4farbig-1024x512.jpg\" alt=\"\" width=\"264\" height=\"132\" srcset=\"https:\/\/feuerwehrverein-rietenberg.ch\/wp-content\/uploads\/2026\/03\/EFA4farbig-1024x512.jpg 1024w, https:\/\/feuerwehrverein-rietenberg.ch\/wp-content\/uploads\/2026\/03\/EFA4farbig-300x150.jpg 300w, https:\/\/feuerwehrverein-rietenberg.ch\/wp-content\/uploads\/2026\/03\/EFA4farbig-768x384.jpg 768w, https:\/\/feuerwehrverein-rietenberg.ch\/wp-content\/uploads\/2026\/03\/EFA4farbig.jpg 1264w\" sizes=\"auto, (max-width: 264px) 100vw, 264px\" \/><\/a><\/div>\n<\/div>\n<div class=\"wp-block-column\" style=\"background-color: #f8f9fa; border: 1px solid #e2e8f0; border-radius: 12px; padding: 20px; text-align: center; display: flex; flex-direction: column; justify-content: space-between;\">\n<h4 style=\"font-size: 1.1rem; margin-bottom: 15px; min-height: 3rem;\">Gsell, Dintikon<\/h4>\n<div style=\"background: #fff; border-radius: 8px; padding: 10px; margin-bottom: 10px;\"><a href=\"http:\/\/www.gsell-oelfeuerungen.ch\/\" target=\"_blank\" rel=\"noreferrer noopener\"><img loading=\"lazy\" decoding=\"async\" class=\"alignnone wp-image-243\" src=\"https:\/\/feuerwehrverein-rietenberg.ch\/wp-content\/uploads\/2026\/03\/Gselloelfeuerung.png\" alt=\"\" width=\"297\" height=\"227\" srcset=\"https:\/\/feuerwehrverein-rietenberg.ch\/wp-content\/uploads\/2026\/03\/Gselloelfeuerung.png 533w, https:\/\/feuerwehrverein-rietenberg.ch\/wp-content\/uploads\/2026\/03\/Gselloelfeuerung-300x230.png 300w\" sizes=\"auto, (max-width: 297px) 100vw, 297px\" \/><\/a><\/div>\n<\/div>\n<div class=\"wp-block-column\" style=\"background-color: #f8f9fa; border: 1px solid #e2e8f0; border-radius: 12px; padding: 20px; text-align: center; display: flex; flex-direction: column; justify-content: space-between;\">\n<h4 style=\"font-size: 1.1rem; margin-bottom: 15px; min-height: 3rem;\">Gartenbau N\u00fcbling<\/h4>\n<div style=\"background: #fff; border-radius: 8px; padding: 10px; margin-bottom: 10px;\"><a href=\"http:\/\/www.nuebling.ch\/\" target=\"_blank\" rel=\"noreferrer noopener\"><img loading=\"lazy\" decoding=\"async\" class=\"alignnone wp-image-245\" src=\"https:\/\/feuerwehrverein-rietenberg.ch\/wp-content\/uploads\/2026\/03\/Logo.jpg\" alt=\"\" width=\"227\" height=\"102\" srcset=\"https:\/\/feuerwehrverein-rietenberg.ch\/wp-content\/uploads\/2026\/03\/Logo.jpg 329w, https:\/\/feuerwehrverein-rietenberg.ch\/wp-content\/uploads\/2026\/03\/Logo-300x135.jpg 300w\" sizes=\"auto, (max-width: 227px) 100vw, 227px\" \/><\/a><\/div>\n<\/div>\n<\/div>\n<div class=\"wp-block-columns is-stacked-on-mobile\">\n<div class=\"wp-block-column\" style=\"background-color: #f8f9fa; border: 1px solid #e2e8f0; border-radius: 12px; padding: 20px; text-align: center; display: flex; flex-direction: column; justify-content: space-between;\">\n<h4 style=\"font-size: 1.1rem; margin-bottom: 15px; min-height: 3rem;\">Xaver Meyer AG<\/h4>\n<div style=\"background: #fff; border-radius: 8px; padding: 10px; margin-bottom: 10px;\"><a href=\"http:\/\/www.xaver-meyer.ch\/\" target=\"_blank\" rel=\"noreferrer noopener\"><img loading=\"lazy\" decoding=\"async\" class=\"alignnone size-full wp-image-250\" src=\"https:\/\/feuerwehrverein-rietenberg.ch\/wp-content\/uploads\/2026\/03\/XaverMeyer.gif\" alt=\"\" width=\"268\" height=\"60\" \/><\/a><\/div>\n<\/div>\n<div class=\"wp-block-column\" style=\"background-color: #f8f9fa; border: 1px solid #e2e8f0; border-radius: 12px; padding: 20px; text-align: center; display: flex; flex-direction: column; justify-content: space-between;\">\n<h4 style=\"font-size: 1.1rem; margin-bottom: 15px; min-height: 3rem;\">Maler Deboni<\/h4>\n<div style=\"background: #fff; border-radius: 8px; padding: 10px; margin-bottom: 10px;\"><a href=\"http:\/\/www.malerdeboni.ch\/\" target=\"_blank\" rel=\"noreferrer noopener\"><img loading=\"lazy\" decoding=\"async\" class=\"alignnone wp-image-242\" src=\"https:\/\/feuerwehrverein-rietenberg.ch\/wp-content\/uploads\/2026\/03\/deboni.gif\" alt=\"\" width=\"308\" height=\"94\" \/><\/a><\/div>\n<\/div>\n<div class=\"wp-block-column\" style=\"background-color: #f8f9fa; border: 1px solid #e2e8f0; border-radius: 12px; padding: 20px; text-align: center; display: flex; flex-direction: column; justify-content: space-between;\">\n<h4 style=\"font-size: 1.1rem; margin-bottom: 15px; min-height: 3rem;\">Schreinerei Schmid<\/h4>\n<div style=\"background: #fff; border-radius: 8px; padding: 10px; margin-bottom: 10px;\"><a href=\"http:\/\/www.schreinerei-schmidhr.ch\" target=\"_blank\" rel=\"noreferrer noopener\"><img loading=\"lazy\" decoding=\"async\" class=\"alignnone size-full wp-image-246\" src=\"https:\/\/feuerwehrverein-rietenberg.ch\/wp-content\/uploads\/2026\/03\/logo1.jpg\" alt=\"\" width=\"261\" height=\"137\" \/><\/a><\/div>\n<\/div>\n<\/div>\n<div class=\"wp-block-columns is-stacked-on-mobile\">\n<div class=\"wp-block-column\" style=\"background-color: #f8f9fa; border: 1px solid #e2e8f0; border-radius: 12px; padding: 20px; text-align: center; display: flex; flex-direction: column; justify-content: space-between;\">\n<h4 style=\"font-size: 1.1rem; margin-bottom: 15px; min-height: 3rem;\">Veil AG Sarmenstorf<\/h4>\n<div style=\"background: #fff; border-radius: 8px; padding: 10px; margin-bottom: 10px;\"><a href=\"http:\/\/veil-ag.ch\/\" target=\"_blank\" rel=\"noreferrer noopener\"><img loading=\"lazy\" decoding=\"async\" class=\"alignnone wp-image-249\" src=\"https:\/\/feuerwehrverein-rietenberg.ch\/wp-content\/uploads\/2026\/03\/veillogo.jpg\" alt=\"\" width=\"158\" height=\"168\" \/><\/a><\/div>\n<\/div>\n<div class=\"wp-block-column\" style=\"background-color: #f8f9fa; border: 1px solid #e2e8f0; border-radius: 12px; padding: 20px; text-align: center; display: flex; flex-direction: column; justify-content: center;\">\n<h4 style=\"font-size: 1.1rem; margin-bottom: 5px;\">Manuela N\u00e4f<\/h4>\n<p style=\"font-size: 0.9rem; color: #666;\">Privatperson<\/p>\n<\/div>\n<div class=\"wp-block-column\" style=\"border: 2px dashed #ccc; border-radius: 12px; padding: 20px; text-align: center; background-color: #fafafa; display: flex; flex-direction: column; justify-content: center;\">\n<p style=\"color: #999;\"><em>Und alle die aktiven Vereinsmitglieder die mit Sachwerten und Einsatz zum gelingen beitragen<\/em><\/p>\n<\/div>\n<\/div>\n<div class=\"wp-block-spacer\" style=\"height: 40px;\" aria-hidden=\"true\"><\/div>\n<div class=\"wp-block-buttons\">\n<div class=\"wp-block-button is-style-fill\"><a class=\"wp-block-button__link has-white-color has-vivid-red-background-color has-text-color has-background wp-element-button\" style=\"border-radius: 8px;\" href=\"http:\/\/fwvr.ch\/de\/Kontakt\"><strong>Jetzt G\u00f6nner werden<\/strong><\/a><\/div>\n<\/div>\n","protected":false},"excerpt":{"rendered":"<p>Der Feuerwehrverein Rietenberg bedankt sich herzlich bei allen G\u00f6nnern &amp; Sponsoren Gemeinde Villmergen Ortsb\u00fcrgerstiftung Villmergen Godi St\u00e4hli, Villmergen Maler Steinmann Jo Wey, Villmergen Gerhard Amman Energie Freiamt Gsell, Dintikon Gartenbau N\u00fcbling Xaver Meyer AG Maler Deboni Schreinerei Schmid Veil AG Sarmenstorf Manuela N\u00e4f Privatperson Und alle die aktiven Vereinsmitglieder die mit Sachwerten und Einsatz zum &hellip; <\/p>\n<p class=\"link-more\"><a href=\"https:\/\/feuerwehrverein-rietenberg.ch\/?page_id=52\" class=\"more-link\">Lies den gesamten Beitrag &rarr;<span class=\"screen-reader-text\">\u201eG\u00f6nner und Sponsoren\u201c<\/span><\/a><\/p>\n","protected":false},"author":1,"featured_media":0,"parent":0,"menu_order":0,"comment_status":"closed","ping_status":"closed","template":"","meta":{"footnotes":""},"class_list":["post-52","page","type-page","status-publish","hentry"],"_links":{"self":[{"href":"https:\/\/feuerwehrverein-rietenberg.ch\/index.php?rest_route=\/wp\/v2\/pages\/52","targetHints":{"allow":["GET"]}}],"collection":[{"href":"https:\/\/feuerwehrverein-rietenberg.ch\/index.php?rest_route=\/wp\/v2\/pages"}],"about":[{"href":"https:\/\/feuerwehrverein-rietenberg.ch\/index.php?rest_route=\/wp\/v2\/types\/page"}],"author":[{"embeddable":true,"href":"https:\/\/feuerwehrverein-rietenberg.ch\/index.php?rest_route=\/wp\/v2\/users\/1"}],"replies":[{"embeddable":true,"href":"https:\/\/feuerwehrverein-rietenberg.ch\/index.php?rest_route=%2Fwp%2Fv2%2Fcomments&post=52"}],"version-history":[{"count":4,"href":"https:\/\/feuerwehrverein-rietenberg.ch\/index.php?rest_route=\/wp\/v2\/pages\/52\/revisions"}],"predecessor-version":[{"id":238,"href":"https:\/\/feuerwehrverein-rietenberg.ch\/index.php?rest_route=\/wp\/v2\/pages\/52\/revisions\/238"}],"wp:attachment":[{"href":"https:\/\/feuerwehrverein-rietenberg.ch\/index.php?rest_route=%2Fwp%2Fv2%2Fmedia&parent=52"}],"curies":[{"name":"wp","href":"https:\/\/api.w.org\/{rel}","templated":true}]}}