{"id":43,"date":"2025-12-10T13:42:00","date_gmt":"2025-12-10T13:42:00","guid":{"rendered":"https:\/\/feuerwehrverein-rietenberg.ch\/?page_id=43"},"modified":"2026-03-29T15:57:35","modified_gmt":"2026-03-29T13:57:35","slug":"vorstand","status":"publish","type":"page","link":"https:\/\/feuerwehrverein-rietenberg.ch\/?page_id=43","title":{"rendered":"Vorstand"},"content":{"rendered":"<h2 class=\"wp-block-heading has-text-align-center\">Unser Vorstand<\/h2>\n<div class=\"wp-block-spacer\" style=\"height: 40px;\" aria-hidden=\"true\"><\/div>\n<div class=\"wp-block-columns is-stacked-on-mobile\">\n<div class=\"wp-block-column\" style=\"background-color: #f8f9fa; border: 1px solid #e2e8f0; border-radius: 12px; padding: 20px; box-shadow: 0 4px 6px rgba(0,0,0,0.05);\">\n<figure class=\"wp-block-image size-full has-custom-border\"><img loading=\"lazy\" decoding=\"async\" width=\"683\" height=\"1024\" class=\"wp-image-190\" style=\"border-radius: 8px; width: 301px; height: 452px;\" src=\"https:\/\/feuerwehrverein-rietenberg.ch\/wp-content\/uploads\/2026\/03\/Bruno-683x1024.jpg\" alt=\"Bruno N\u00fcbling\" srcset=\"https:\/\/feuerwehrverein-rietenberg.ch\/wp-content\/uploads\/2026\/03\/Bruno-683x1024.jpg 683w, https:\/\/feuerwehrverein-rietenberg.ch\/wp-content\/uploads\/2026\/03\/Bruno-200x300.jpg 200w, https:\/\/feuerwehrverein-rietenberg.ch\/wp-content\/uploads\/2026\/03\/Bruno-768x1152.jpg 768w, https:\/\/feuerwehrverein-rietenberg.ch\/wp-content\/uploads\/2026\/03\/Bruno-1024x1536.jpg 1024w, https:\/\/feuerwehrverein-rietenberg.ch\/wp-content\/uploads\/2026\/03\/Bruno-1365x2048.jpg 1365w, https:\/\/feuerwehrverein-rietenberg.ch\/wp-content\/uploads\/2026\/03\/Bruno-scaled.jpg 1707w\" sizes=\"auto, (max-width: 683px) 100vw, 683px\" \/><\/figure>\n<h3 class=\"has-text-align-center\" style=\"font-size: 1.4rem; margin-top: 15px;\">Bruno N\u00fcbling<\/h3>\n<p class=\"has-text-align-center\" style=\"font-size: 0.9rem;\"><strong>Pr\u00e4sident<\/strong><br \/>\nIm Verein seit: 2002<\/p>\n<p style=\"font-size: 0.85rem; border-top: 1px solid #ddd; padding-top: 10px;\"><strong>Freizeit:<\/strong> Unser Pr\u00e4sident und Sitzungsleiter, er macht das wirklich gut.<\/p>\n<\/div>\n<div class=\"wp-block-column\" style=\"background-color: #f8f9fa; border: 1px solid #e2e8f0; border-radius: 12px; padding: 20px; box-shadow: 0 4px 6px rgba(0,0,0,0.05);\">\n<figure class=\"wp-block-image size-full has-custom-border\"><img loading=\"lazy\" decoding=\"async\" width=\"400\" height=\"401\" class=\"wp-image-194\" style=\"border-radius: 8px; width: 301px; height: 302px;\" src=\"https:\/\/feuerwehrverein-rietenberg.ch\/wp-content\/uploads\/2026\/03\/Werner.png\" alt=\"Werner Weber\" srcset=\"https:\/\/feuerwehrverein-rietenberg.ch\/wp-content\/uploads\/2026\/03\/Werner.png 400w, https:\/\/feuerwehrverein-rietenberg.ch\/wp-content\/uploads\/2026\/03\/Werner-300x300.png 300w, https:\/\/feuerwehrverein-rietenberg.ch\/wp-content\/uploads\/2026\/03\/Werner-150x150.png 150w\" sizes=\"auto, (max-width: 400px) 100vw, 400px\" \/><\/figure>\n<h3 class=\"has-text-align-center\" style=\"font-size: 1.4rem; margin-top: 15px;\">Werner Weber<\/h3>\n<p class=\"has-text-align-center\" style=\"font-size: 0.9rem;\"><strong>Beisitzer<\/strong><br \/>\nIm Verein seit: &#8211;<\/p>\n<p style=\"font-size: 0.85rem; border-top: 1px solid #ddd; padding-top: 10px;\"><strong>Freizeit:<\/strong> Motoren und Fahrzeuge<\/p>\n<\/div>\n<div class=\"wp-block-column\" style=\"background-color: #f8f9fa; border: 1px solid #e2e8f0; border-radius: 12px; padding: 20px; box-shadow: 0 4px 6px rgba(0,0,0,0.05);\">\n<figure class=\"wp-block-image size-full has-custom-border\"><img loading=\"lazy\" decoding=\"async\" width=\"600\" height=\"800\" class=\"wp-image-189\" style=\"border-radius: 8px; width: 302px; height: 403px;\" src=\"https:\/\/feuerwehrverein-rietenberg.ch\/wp-content\/uploads\/2026\/03\/Bedu.jpg\" alt=\"Bedu St\u00e4hli\" srcset=\"https:\/\/feuerwehrverein-rietenberg.ch\/wp-content\/uploads\/2026\/03\/Bedu.jpg 600w, https:\/\/feuerwehrverein-rietenberg.ch\/wp-content\/uploads\/2026\/03\/Bedu-225x300.jpg 225w\" sizes=\"auto, (max-width: 600px) 100vw, 600px\" \/><\/figure>\n<h3 class=\"has-text-align-center\" style=\"font-size: 1.4rem; margin-top: 15px;\">Bedu St\u00e4hli<\/h3>\n<p class=\"has-text-align-center\" style=\"font-size: 0.9rem;\"><strong>Kassier<\/strong><br \/>\nIm Verein seit: 2002<\/p>\n<p style=\"font-size: 0.85rem; border-top: 1px solid #ddd; padding-top: 10px;\"><strong>Freizeit:<\/strong> Unser Finanzchef, geniesst sein Rentnerleben.<\/p>\n<\/div>\n<div class=\"wp-block-column\" style=\"background-color: #f8f9fa; border: 1px solid #e2e8f0; border-radius: 12px; padding: 20px; box-shadow: 0 4px 6px rgba(0,0,0,0.05);\">\n<figure class=\"wp-block-image size-full has-custom-border\"><img loading=\"lazy\" decoding=\"async\" class=\"alignnone wp-image-191\" src=\"https:\/\/feuerwehrverein-rietenberg.ch\/wp-content\/uploads\/2026\/03\/Marcel.jpg\" alt=\"\" width=\"302\" height=\"403\" srcset=\"https:\/\/feuerwehrverein-rietenberg.ch\/wp-content\/uploads\/2026\/03\/Marcel.jpg 600w, https:\/\/feuerwehrverein-rietenberg.ch\/wp-content\/uploads\/2026\/03\/Marcel-225x300.jpg 225w\" sizes=\"auto, (max-width: 302px) 100vw, 302px\" \/><\/figure>\n<h3 class=\"has-text-align-center\" style=\"font-size: 1.4rem; margin-top: 15px;\">Marcel Brunner<\/h3>\n<p class=\"has-text-align-center\" style=\"font-size: 0.9rem;\"><strong>Beisitzer<\/strong><br \/>\nIm Verein seit: 2002<\/p>\n<p style=\"font-size: 0.85rem; border-top: 1px solid #ddd; padding-top: 10px;\"><strong>Freizeit:<\/strong> Unser &#8222;Macher&#8220; geht nicht gibts nicht und immer zur Stelle. Ein bisschen Holz, Beton N\u00e4gel und Schrauben und er ist im Element.<\/p>\n<\/div>\n<\/div>\n<div class=\"wp-block-spacer\" style=\"height: 30px;\" aria-hidden=\"true\"><\/div>\n<div class=\"wp-block-columns is-stacked-on-mobile\">\n<div class=\"wp-block-column\" style=\"background-color: #f8f9fa; border: 1px solid #e2e8f0; border-radius: 12px; padding: 20px; box-shadow: 0 4px 6px rgba(0,0,0,0.05);\">\n<figure class=\"wp-block-image size-full has-custom-border\"><img loading=\"lazy\" decoding=\"async\" width=\"600\" height=\"800\" class=\"wp-image-192\" style=\"border-radius: 8px; width: 303px; height: 404px;\" src=\"https:\/\/feuerwehrverein-rietenberg.ch\/wp-content\/uploads\/2026\/03\/Oskar.jpg\" alt=\"Oskar Koch\" srcset=\"https:\/\/feuerwehrverein-rietenberg.ch\/wp-content\/uploads\/2026\/03\/Oskar.jpg 600w, https:\/\/feuerwehrverein-rietenberg.ch\/wp-content\/uploads\/2026\/03\/Oskar-225x300.jpg 225w\" sizes=\"auto, (max-width: 600px) 100vw, 600px\" \/><\/figure>\n<h3 class=\"has-text-align-center\" style=\"font-size: 1.4rem; margin-top: 15px;\">Oskar Koch<\/h3>\n<p class=\"has-text-align-center\" style=\"font-size: 0.9rem;\"><strong>Sekret\u00e4r \/ Aktuar<\/strong><br \/>\nIm Verein seit: 2002<\/p>\n<p style=\"font-size: 0.85rem; border-top: 1px solid #ddd; padding-top: 10px;\"><strong>Freizeit:<\/strong> Organisator und Aktuar, immer wieder tolle Arbeit mit viel Ruhe umgesetzt.<\/p>\n<\/div>\n<div class=\"wp-block-column\" style=\"background-color: #f8f9fa; border: 1px solid #e2e8f0; border-radius: 12px; padding: 20px; box-shadow: 0 4px 6px rgba(0,0,0,0.05);\">\n<figure class=\"wp-block-image size-full has-custom-border\"><img loading=\"lazy\" decoding=\"async\" width=\"340\" height=\"365\" class=\"wp-image-187\" style=\"border-radius: 8px; width: 300px; height: 322px;\" src=\"https:\/\/feuerwehrverein-rietenberg.ch\/wp-content\/uploads\/2026\/03\/AndreasKoechli.jpg\" alt=\"Andreas K\u00f6chli\" srcset=\"https:\/\/feuerwehrverein-rietenberg.ch\/wp-content\/uploads\/2026\/03\/AndreasKoechli.jpg 340w, https:\/\/feuerwehrverein-rietenberg.ch\/wp-content\/uploads\/2026\/03\/AndreasKoechli-279x300.jpg 279w\" sizes=\"auto, (max-width: 340px) 100vw, 340px\" \/><\/figure>\n<h3 class=\"has-text-align-center\" style=\"font-size: 1.4rem; margin-top: 15px;\">Andreas K\u00f6chli<\/h3>\n<p class=\"has-text-align-center\" style=\"font-size: 0.9rem;\"><strong>Beisitzer<\/strong><br \/>\nIm Verein seit: 2002<\/p>\n<p style=\"font-size: 0.85rem; border-top: 1px solid #ddd; padding-top: 10px;\"><strong>Freizeit:<\/strong> Feuerwehr Kommandant<\/p>\n<\/div>\n<div class=\"wp-block-column\" style=\"background-color: #f8f9fa; border: 1px solid #e2e8f0; border-radius: 12px; padding: 20px; box-shadow: 0 4px 6px rgba(0,0,0,0.05);\">\n<figure class=\"wp-block-image size-full has-custom-border\"><img loading=\"lazy\" decoding=\"async\" width=\"600\" height=\"800\" class=\"wp-image-188\" style=\"border-radius: 8px; width: 302px; height: 402px;\" src=\"https:\/\/feuerwehrverein-rietenberg.ch\/wp-content\/uploads\/2026\/03\/Andy.jpg\" alt=\"Andr\u00e9 Koch\" srcset=\"https:\/\/feuerwehrverein-rietenberg.ch\/wp-content\/uploads\/2026\/03\/Andy.jpg 600w, https:\/\/feuerwehrverein-rietenberg.ch\/wp-content\/uploads\/2026\/03\/Andy-225x300.jpg 225w\" sizes=\"auto, (max-width: 600px) 100vw, 600px\" \/><\/figure>\n<h3 class=\"has-text-align-center\" style=\"font-size: 1.4rem; margin-top: 15px;\">Andr\u00e9 Koch<\/h3>\n<p class=\"has-text-align-center\" style=\"font-size: 0.9rem;\"><strong>Beisitzer Homepage &amp; Museum<\/strong><br \/>\nIm Verein seit: 2016<\/p>\n<p style=\"font-size: 0.85rem; border-top: 1px solid #ddd; padding-top: 10px;\"><strong>Freizeit: <\/strong>Tradition heisst nicht, die Asche aufzubewahren, sondern die Flamme am Leben zu erhalten. Ein altes Buch, ein toller Fund aus der Geschichte und schon leuchten die Augen.<\/p>\n<\/div>\n<\/div>\n<div class=\"wp-block-spacer\" style=\"height: 30px;\" aria-hidden=\"true\"><\/div>\n<div class=\"wp-block-columns is-stacked-on-mobile\">\n<div class=\"wp-block-column\" style=\"border: 2px dashed #ccc; border-radius: 12px; padding: 20px; text-align: center; background-color: #fafafa;\">\n<p><em>Platzhalter f\u00fcr<br \/>\nneues Vorstands Mitglied&#8230; vielleicht du?<\/em><\/p>\n<\/div>\n<div class=\"wp-block-column\" style=\"border: 2px dashed #ccc; border-radius: 12px; padding: 20px; text-align: center; background-color: #fafafa;\">\n<p><em>Platzhalter f\u00fcr<br \/>\nneues Vorstands Mitglied&#8230; vielleicht du?<\/em><\/p>\n<\/div>\n<\/div>\n","protected":false},"excerpt":{"rendered":"<p>Unser Vorstand Bruno N\u00fcbling Pr\u00e4sident Im Verein seit: 2002 Freizeit: Unser Pr\u00e4sident und Sitzungsleiter, er macht das wirklich gut. Werner Weber Beisitzer Im Verein seit: &#8211; Freizeit: Motoren und Fahrzeuge Bedu St\u00e4hli Kassier Im Verein seit: 2002 Freizeit: Unser Finanzchef, geniesst sein Rentnerleben. Marcel Brunner Beisitzer Im Verein seit: 2002 Freizeit: Unser &#8222;Macher&#8220; geht nicht &hellip; <\/p>\n<p class=\"link-more\"><a href=\"https:\/\/feuerwehrverein-rietenberg.ch\/?page_id=43\" class=\"more-link\">Lies den gesamten Beitrag &rarr;<span class=\"screen-reader-text\">\u201eVorstand\u201c<\/span><\/a><\/p>\n","protected":false},"author":1,"featured_media":0,"parent":0,"menu_order":0,"comment_status":"closed","ping_status":"closed","template":"","meta":{"footnotes":""},"class_list":["post-43","page","type-page","status-publish","hentry"],"_links":{"self":[{"href":"https:\/\/feuerwehrverein-rietenberg.ch\/index.php?rest_route=\/wp\/v2\/pages\/43","targetHints":{"allow":["GET"]}}],"collection":[{"href":"https:\/\/feuerwehrverein-rietenberg.ch\/index.php?rest_route=\/wp\/v2\/pages"}],"about":[{"href":"https:\/\/feuerwehrverein-rietenberg.ch\/index.php?rest_route=\/wp\/v2\/types\/page"}],"author":[{"embeddable":true,"href":"https:\/\/feuerwehrverein-rietenberg.ch\/index.php?rest_route=\/wp\/v2\/users\/1"}],"replies":[{"embeddable":true,"href":"https:\/\/feuerwehrverein-rietenberg.ch\/index.php?rest_route=%2Fwp%2Fv2%2Fcomments&post=43"}],"version-history":[{"count":13,"href":"https:\/\/feuerwehrverein-rietenberg.ch\/index.php?rest_route=\/wp\/v2\/pages\/43\/revisions"}],"predecessor-version":[{"id":304,"href":"https:\/\/feuerwehrverein-rietenberg.ch\/index.php?rest_route=\/wp\/v2\/pages\/43\/revisions\/304"}],"wp:attachment":[{"href":"https:\/\/feuerwehrverein-rietenberg.ch\/index.php?rest_route=%2Fwp%2Fv2%2Fmedia&parent=43"}],"curies":[{"name":"wp","href":"https:\/\/api.w.org\/{rel}","templated":true}]}}