{"id":3,"date":"2025-12-09T07:31:56","date_gmt":"2025-12-09T07:31:56","guid":{"rendered":"https:\/\/feuerwehrverein-rietenberg.ch\/?page_id=3"},"modified":"2026-03-29T11:32:07","modified_gmt":"2026-03-29T09:32:07","slug":"privacy-policy","status":"publish","type":"page","link":"https:\/\/feuerwehrverein-rietenberg.ch\/?page_id=3","title":{"rendered":"Datenschutzerkl\u00e4rung"},"content":{"rendered":"<h2 class=\"wp-block-heading has-text-align-center\">Datenschutzerkl\u00e4rung<\/h2>\n<p class=\"has-text-align-center\"><em>Verantwortungsbewusster Umgang mit Ihren Daten beim Feuerwehrverein Rietenberg.<\/em><\/p>\n<div class=\"wp-block-spacer\" style=\"height: 30px;\" aria-hidden=\"true\"><\/div>\n<div class=\"wp-block-group has-light-gray-background-color has-background\" style=\"border-radius: 12px; padding: 25px;\">\n<h3 style=\"color: #cc0000; margin-top: 0;\">1. Verantwortliche Stelle<\/h3>\n<p>Verantwortlich f\u00fcr die Datenverarbeitungen auf dieser Website im Sinne der Datenschutzgesetzgebung ist:<\/p>\n<p><strong>Feuerwehrverein Rietenberg<\/strong><\/p>\n<p>Bruno N\u00fcbling, Unterdorfstrasse 60,\u00a0 5612 Villmergen<br \/>\nE-Mail: <a href=\"mailto:info@fwvr.ch\">info@fwvr.ch<\/a><\/p>\n<\/div>\n<div class=\"wp-block-spacer\" style=\"height: 20px;\" aria-hidden=\"true\"><\/div>\n<div class=\"wp-block-group has-light-gray-background-color has-background\" style=\"border-radius: 12px; padding: 25px;\">\n<h3 style=\"color: #cc0000; margin-top: 0;\">2. Erhebung und Zweck der Datenverarbeitung<\/h3>\n<p>Wir bearbeiten personenbezogene Daten, die wir im Rahmen unserer Vereinst\u00e4tigkeit von Mitgliedern, G\u00f6nnern oder Interessenten erhalten. Dies geschieht insbesondere durch:<\/p>\n<ul>\n<li><strong>Kontaktanfragen:<\/strong> Daten aus dem Kontaktformular zur Bearbeitung Ihrer Anfrage.<\/li>\n<li><strong>Mitgliederverwaltung:<\/strong> Daten zur Durchf\u00fchrung der Vereinsadministration gem\u00e4ss unseren Statuten.<\/li>\n<li><strong>G\u00f6nnerwesen:<\/strong> Nennung von G\u00f6nnern auf unserer Website (sofern zugestimmt).<\/li>\n<li><strong>Server-Logfiles:<\/strong> Automatische Erfassung technischer Daten beim Besuch der Website (IP-Adresse, Datum, Uhrzeit).<\/li>\n<\/ul>\n<\/div>\n<div class=\"wp-block-spacer\" style=\"height: 20px;\" aria-hidden=\"true\"><\/div>\n<div class=\"wp-block-group has-light-gray-background-color has-background\" style=\"border-radius: 12px; padding: 25px;\">\n<h3 style=\"color: #cc0000; margin-top: 0;\">3. Ihre Rechte<\/h3>\n<p>Sie haben im Rahmen des auf Sie anwendbaren Datenschutzrechts das Recht auf:<\/p>\n<ul>\n<li><strong>Auskunft:<\/strong> Welche Daten wir \u00fcber Sie gespeichert haben.<\/li>\n<li><strong>Berichtigung:<\/strong> Korrektur fehlerhafter Daten.<\/li>\n<li><strong>L\u00f6schung:<\/strong> Sofern keine gesetzlichen Aufbewahrungspflichten entgegenstehen.<\/li>\n<li><strong>Widerruf:<\/strong> Wenn Sie eine Einwilligung zur Datenver\u00f6ffentlichung gegeben haben.<\/li>\n<\/ul>\n<\/div>\n<div class=\"wp-block-spacer\" style=\"height: 20px;\" aria-hidden=\"true\"><\/div>\n<div class=\"wp-block-group has-light-gray-background-color has-background\" style=\"border-radius: 12px; padding: 25px;\">\n<h3 style=\"color: #cc0000; margin-top: 0;\">4. Datensicherheit<\/h3>\n<p>Zur Sicherung Ihrer Daten verwenden wir auf unserer Website eine moderne SSL-Verschl\u00fcsselung (HTTPS). Wir weisen jedoch darauf hin, dass die Daten\u00fcbertragung im Internet Sicherheitsl\u00fccken aufweisen kann.<\/p>\n<\/div>\n<div class=\"wp-block-spacer\" style=\"height: 40px;\" aria-hidden=\"true\"><\/div>\n<p class=\"has-text-align-center\" style=\"font-size: 0.9rem;\">Bei Fragen zum Datenschutz wenden Sie sich bitte direkt an den Vorstand[cite: 15, 26]. Stand: M\u00e4rz 2026.<\/p>\n","protected":false},"excerpt":{"rendered":"<p>Datenschutzerkl\u00e4rung Verantwortungsbewusster Umgang mit Ihren Daten beim Feuerwehrverein Rietenberg. 1. Verantwortliche Stelle Verantwortlich f\u00fcr die Datenverarbeitungen auf dieser Website im Sinne der Datenschutzgesetzgebung ist: Feuerwehrverein Rietenberg Bruno N\u00fcbling, Unterdorfstrasse 60,\u00a0 5612 Villmergen E-Mail: info@fwvr.ch 2. Erhebung und Zweck der Datenverarbeitung Wir bearbeiten personenbezogene Daten, die wir im Rahmen unserer Vereinst\u00e4tigkeit von Mitgliedern, G\u00f6nnern oder Interessenten &hellip; <\/p>\n<p class=\"link-more\"><a href=\"https:\/\/feuerwehrverein-rietenberg.ch\/?page_id=3\" class=\"more-link\">Lies den gesamten Beitrag &rarr;<span class=\"screen-reader-text\">\u201eDatenschutzerkl\u00e4rung\u201c<\/span><\/a><\/p>\n","protected":false},"author":1,"featured_media":0,"parent":0,"menu_order":0,"comment_status":"closed","ping_status":"closed","template":"","meta":{"footnotes":""},"class_list":["post-3","page","type-page","status-publish","hentry"],"_links":{"self":[{"href":"https:\/\/feuerwehrverein-rietenberg.ch\/index.php?rest_route=\/wp\/v2\/pages\/3","targetHints":{"allow":["GET"]}}],"collection":[{"href":"https:\/\/feuerwehrverein-rietenberg.ch\/index.php?rest_route=\/wp\/v2\/pages"}],"about":[{"href":"https:\/\/feuerwehrverein-rietenberg.ch\/index.php?rest_route=\/wp\/v2\/types\/page"}],"author":[{"embeddable":true,"href":"https:\/\/feuerwehrverein-rietenberg.ch\/index.php?rest_route=\/wp\/v2\/users\/1"}],"replies":[{"embeddable":true,"href":"https:\/\/feuerwehrverein-rietenberg.ch\/index.php?rest_route=%2Fwp%2Fv2%2Fcomments&post=3"}],"version-history":[{"count":2,"href":"https:\/\/feuerwehrverein-rietenberg.ch\/index.php?rest_route=\/wp\/v2\/pages\/3\/revisions"}],"predecessor-version":[{"id":269,"href":"https:\/\/feuerwehrverein-rietenberg.ch\/index.php?rest_route=\/wp\/v2\/pages\/3\/revisions\/269"}],"wp:attachment":[{"href":"https:\/\/feuerwehrverein-rietenberg.ch\/index.php?rest_route=%2Fwp%2Fv2%2Fmedia&parent=3"}],"curies":[{"name":"wp","href":"https:\/\/api.w.org\/{rel}","templated":true}]}}