{"id":14,"date":"2025-12-10T09:39:21","date_gmt":"2025-12-10T09:39:21","guid":{"rendered":"https:\/\/feuerwehrverein-rietenberg.ch\/?page_id=14"},"modified":"2026-04-12T17:20:57","modified_gmt":"2026-04-12T15:20:57","slug":"presse","status":"publish","type":"page","link":"https:\/\/feuerwehrverein-rietenberg.ch\/?page_id=14","title":{"rendered":"Presse"},"content":{"rendered":"<div class=\"wp-block-group has-light-gray-background-color has-background\" style=\"border-radius: 12px; margin-bottom: 30px; padding: 20px;\">\n<h2 class=\"wp-block-heading has-text-align-center\" style=\"margin: 0;\">Presseberichte<\/h2>\n<p class=\"has-text-align-center\" style=\"margin: 10px 0 0 0;\"><strong>Der Feuerwehrverein Rietenberg in den Medien.<\/strong><\/p>\n<\/div>\n<div class=\"wp-block-columns is-stacked-on-mobile\" style=\"margin-bottom: 20px;\">\n<div class=\"wp-block-column\">\n<div class=\"wp-block-group has-light-gray-background-color has-background\" style=\"border-radius: 12px; padding: 25px; height: 100%;\">\n<h3 style=\"color: #cc0000; margin-top: 0; text-align: center; font-size: 1.2rem;\">Wohler Anzeiger<\/h3>\n<p style=\"text-align: center;\"><strong>22. M\u00e4rz 2013<\/strong><\/p>\n<figure class=\"wp-block-image size-full\"><\/figure>\n<\/div>\n<\/div>\n<div class=\"wp-block-column\">\n<div class=\"wp-block-group has-light-gray-background-color has-background\" style=\"border-radius: 12px; padding: 25px; height: 100%;\">\n<h3 style=\"color: #cc0000; margin-top: 0; text-align: center; font-size: 1.2rem;\">Wohler Anzeiger<\/h3>\n<p style=\"text-align: center;\"><strong>9. M\u00e4rz 2012<\/strong><\/p>\n<figure class=\"wp-block-image size-full\"><\/figure>\n<\/div>\n<\/div>\n<\/div>\n<div class=\"wp-block-columns is-stacked-on-mobile\" style=\"margin-bottom: 20px;\">\n<div class=\"wp-block-column\">\n<div class=\"wp-block-group has-light-gray-background-color has-background\" style=\"border-radius: 12px; padding: 25px; height: 100%; display: flex; flex-direction: column; align-items: center;\">\n<h4 style=\"color: #cc0000; text-align: center; margin-top: 0; width: 100%;\">Wohler Anzeiger<\/h4>\n<p style=\"text-align: center; width: 100%;\"><strong>11. August 2009<\/strong><\/p>\n<div style=\"margin-top: 20px; width: 100%; text-align: center;\"><a style=\"background-color: #cc0000; color: #ffffff; border-radius: 8px; padding: 12px 24px; text-decoration: none; font-weight: bold; display: inline-block;\" href=\"https:\/\/feuerwehrverein-rietenberg.ch\/wp-content\/uploads\/2026\/04\/WA11.08.09.a.pdf\">Bericht \u00f6ffnen (PDF)<\/a><\/div>\n<\/div>\n<\/div>\n<div class=\"wp-block-column\">\n<div class=\"wp-block-group has-light-gray-background-color has-background\" style=\"border-radius: 12px; padding: 25px; height: 100%; display: flex; flex-direction: column; align-items: center;\">\n<h4 style=\"color: #cc0000; text-align: center; margin-top: 0; width: 100%;\">Aargauer Zeitung<\/h4>\n<p style=\"text-align: center; width: 100%;\"><strong>10. August 2009<\/strong><\/p>\n<div style=\"margin-top: 20px; width: 100%; text-align: center;\"><a style=\"background-color: #cc0000; color: #ffffff; border-radius: 8px; padding: 12px 24px; text-decoration: none; font-weight: bold; display: inline-block;\" href=\"https:\/\/feuerwehrverein-rietenberg.ch\/wp-content\/uploads\/2026\/04\/FWV-Standarte-AZ.pdf\">Bericht \u00f6ffnen (PDF)<\/a><\/div>\n<\/div>\n<\/div>\n<\/div>\n<div class=\"wp-block-columns is-stacked-on-mobile\" style=\"margin-bottom: 20px;\">\n<div class=\"wp-block-column\">\n<div class=\"wp-block-group has-light-gray-background-color has-background\" style=\"border-radius: 12px; padding: 25px; height: 100%;\">\n<p style=\"text-align: center; margin-top: 0;\"><strong>Auszug Anekdoten<\/strong><\/p>\n<figure class=\"wp-block-image size-full\"><\/figure>\n<\/div>\n<\/div>\n<div class=\"wp-block-column\">\n<div class=\"wp-block-group has-light-gray-background-color has-background\" style=\"border-radius: 12px; padding: 25px; height: 100%; display: flex; flex-direction: column; align-items: center;\">\n<h4 style=\"color: #cc0000; text-align: center; margin-top: 0; width: 100%;\">AZ Online<\/h4>\n<p style=\"text-align: center; font-size: 0.9rem; width: 100%;\">\u00abCadillac kehrt nach 49 Jahren heim\u00bb<\/p>\n<div style=\"margin-top: 20px; width: 100%; text-align: center;\"><a style=\"background-color: #cc0000; color: #ffffff; border-radius: 8px; padding: 12px 24px; text-decoration: none; font-weight: bold; display: inline-block;\" href=\"https:\/\/www.aargauerzeitung.ch\/aargau\/freiamt\/ein-cadillac-hat-heimweh-und-kehrt-nach-49-jahren-zur-feuerwehr-zuruck-ld.1578913\" target=\"_blank\" rel=\"noopener\">Zum Artikel &gt;&gt;<\/a><\/div>\n<\/div>\n<\/div>\n<\/div>\n","protected":false},"excerpt":{"rendered":"<p>Presseberichte Der Feuerwehrverein Rietenberg in den Medien. Wohler Anzeiger 22. M\u00e4rz 2013 Wohler Anzeiger 9. M\u00e4rz 2012 Wohler Anzeiger 11. August 2009 Bericht \u00f6ffnen (PDF) Aargauer Zeitung 10. August 2009 Bericht \u00f6ffnen (PDF) Auszug Anekdoten AZ Online \u00abCadillac kehrt nach 49 Jahren heim\u00bb Zum Artikel &gt;&gt;<\/p>\n","protected":false},"author":1,"featured_media":0,"parent":0,"menu_order":0,"comment_status":"closed","ping_status":"closed","template":"","meta":{"footnotes":""},"class_list":["post-14","page","type-page","status-publish","hentry"],"_links":{"self":[{"href":"https:\/\/feuerwehrverein-rietenberg.ch\/index.php?rest_route=\/wp\/v2\/pages\/14","targetHints":{"allow":["GET"]}}],"collection":[{"href":"https:\/\/feuerwehrverein-rietenberg.ch\/index.php?rest_route=\/wp\/v2\/pages"}],"about":[{"href":"https:\/\/feuerwehrverein-rietenberg.ch\/index.php?rest_route=\/wp\/v2\/types\/page"}],"author":[{"embeddable":true,"href":"https:\/\/feuerwehrverein-rietenberg.ch\/index.php?rest_route=\/wp\/v2\/users\/1"}],"replies":[{"embeddable":true,"href":"https:\/\/feuerwehrverein-rietenberg.ch\/index.php?rest_route=%2Fwp%2Fv2%2Fcomments&post=14"}],"version-history":[{"count":19,"href":"https:\/\/feuerwehrverein-rietenberg.ch\/index.php?rest_route=\/wp\/v2\/pages\/14\/revisions"}],"predecessor-version":[{"id":343,"href":"https:\/\/feuerwehrverein-rietenberg.ch\/index.php?rest_route=\/wp\/v2\/pages\/14\/revisions\/343"}],"wp:attachment":[{"href":"https:\/\/feuerwehrverein-rietenberg.ch\/index.php?rest_route=%2Fwp%2Fv2%2Fmedia&parent=14"}],"curies":[{"name":"wp","href":"https:\/\/api.w.org\/{rel}","templated":true}]}}